{"id":307,"date":"2019-02-26T15:16:10","date_gmt":"2019-02-26T15:16:10","guid":{"rendered":"http:\/\/augengebete.de\/?page_id=307"},"modified":"2023-02-28T20:38:01","modified_gmt":"2023-02-28T20:38:01","slug":"mich%ce%b4el-g%ce%b8ltz-f%ce%b8t%ce%b8","status":"publish","type":"page","link":"https:\/\/augengebete.de\/","title":{"rendered":"MICH\u0394EL G\u0398LTZ F\u0398T\u0398"},"content":{"rendered":"\t\t<div data-elementor-type=\"wp-post\" data-elementor-id=\"307\" class=\"elementor elementor-307\">\n\t\t\t\t\t\t<div class=\"elementor-inner\">\n\t\t\t\t<div class=\"elementor-section-wrap\">\n\t\t\t\t\t\t\t\t\t<section class=\"elementor-section elementor-top-section elementor-element elementor-element-10fffa10 elementor-section-boxed elementor-section-height-default elementor-section-height-default\" data-id=\"10fffa10\" data-element_type=\"section\">\n\t\t\t\t\t\t<div class=\"elementor-container elementor-column-gap-default\">\n\t\t\t\t\t\t\t<div class=\"elementor-row\">\n\t\t\t\t\t<div class=\"elementor-column elementor-col-100 elementor-top-column elementor-element elementor-element-7e44e21f\" data-id=\"7e44e21f\" data-element_type=\"column\">\n\t\t\t<div class=\"elementor-column-wrap elementor-element-populated\">\n\t\t\t\t\t\t\t<div class=\"elementor-widget-wrap\">\n\t\t\t\t\t\t<div class=\"elementor-element elementor-element-7950c7e3 elementor-widget elementor-widget-text-editor\" data-id=\"7950c7e3\" data-element_type=\"widget\" data-widget_type=\"text-editor.default\">\n\t\t\t\t<div class=\"elementor-widget-container\">\n\t\t\t\t\t\t\t\t<div class=\"elementor-text-editor elementor-clearfix\">\n\t\t\t\t<p><!-- wp:paragraph --><\/p>\n<p style=\"text-align: left;\">Im richtigen Leben bin ich Pastor in St. Peter-Ording, habe drei Kirchen und den sch\u00f6nsten Strand \u00fcberhaupt direkt vor der Haust\u00fcr. Das Licht ist sensationell und die Motive bestimmen die Jahreszeiten, das Wetter und die Tide.\u00a0<\/p>\n<p style=\"text-align: left;\">Ein guter Freund hat meine Bilder mal &#8222;Augengebete&#8220; genannt. Das habe ich mir zu eigen gemacht, weil ich beim Fotografieren wunderbar abschalten kann &#8211; und mit jedem Bild ein kleines Wunder entdecke &#8211; und manchmal auch ein gro\u00dfes. Und wenn man das einigen von den Bildern ansehen kann, freue ich mich dr\u00fcber.<\/p>\n<p style=\"text-align: left;\"><img decoding=\"async\" loading=\"lazy\" class=\"alignright wp-image-316 size-thumbnail\" src=\"https:\/\/augengebete.de\/wp-content\/uploads\/2019\/02\/Michael_Goltz_Schwabstedt-150x150.jpg\" alt=\"\" width=\"150\" height=\"150\" \/><\/p>\n<p><!-- \/wp:paragraph --><\/p>\n<p><!-- wp:paragraph --><\/p>\n<p>michael.goltz@kirche-spot.de<\/p>\n<p>0049-4863-95145<\/p>\n<p><!-- \/wp:paragraph --><\/p>\t\t\t\t\t<\/div>\n\t\t\t\t\t\t<\/div>\n\t\t\t\t<\/div>\n\t\t\t\t\t\t<\/div>\n\t\t\t\t\t<\/div>\n\t\t<\/div>\n\t\t\t\t\t\t\t\t<\/div>\n\t\t\t\t\t<\/div>\n\t\t<\/section>\n\t\t\t\t<section class=\"elementor-section elementor-top-section elementor-element elementor-element-518da6e elementor-section-boxed elementor-section-height-default elementor-section-height-default\" data-id=\"518da6e\" data-element_type=\"section\">\n\t\t\t\t\t\t<div class=\"elementor-container elementor-column-gap-default\">\n\t\t\t\t\t\t\t<div class=\"elementor-row\">\n\t\t\t\t\t<div class=\"elementor-column elementor-col-100 elementor-top-column elementor-element elementor-element-7188ad6\" data-id=\"7188ad6\" data-element_type=\"column\">\n\t\t\t<div class=\"elementor-column-wrap elementor-element-populated\">\n\t\t\t\t\t\t\t<div class=\"elementor-widget-wrap\">\n\t\t\t\t\t\t<div class=\"elementor-element elementor-element-36cecd8 e-grid-align-left elementor-shape-rounded elementor-grid-0 elementor-widget elementor-widget-social-icons\" data-id=\"36cecd8\" data-element_type=\"widget\" data-widget_type=\"social-icons.default\">\n\t\t\t\t<div class=\"elementor-widget-container\">\n\t\t\t\t\t<div class=\"elementor-social-icons-wrapper elementor-grid\">\n\t\t\t\t\t\t\t<span class=\"elementor-grid-item\">\n\t\t\t\t\t<a class=\"elementor-icon elementor-social-icon elementor-social-icon-facebook elementor-repeater-item-f5d80eb\" href=\"https:\/\/www.facebook.com\/#diesch\u00f6nstekirchederwelt\" target=\"_blank\">\n\t\t\t\t\t\t<span class=\"elementor-screen-only\">Facebook<\/span>\n\t\t\t\t\t\t\t\t\t\t\t\t\t<i class=\"fa fa-facebook\"><\/i>\n\t\t\t\t\t\t\t\t\t\t\t<\/a>\n\t\t\t\t<\/span>\n\t\t\t\t\t<\/div>\n\t\t\t\t<\/div>\n\t\t\t\t<\/div>\n\t\t\t\t\t\t<\/div>\n\t\t\t\t\t<\/div>\n\t\t<\/div>\n\t\t\t\t\t\t\t\t<\/div>\n\t\t\t\t\t<\/div>\n\t\t<\/section>\n\t\t\t\t\t\t\t\t\t<\/div>\n\t\t\t<\/div>\n\t\t\t\t\t<\/div>\n\t\t","protected":false},"excerpt":{"rendered":"<p>Im richtigen Leben bin ich Pastor in St. Peter-Ording, habe drei Kirchen und den sch\u00f6nsten Strand \u00fcberhaupt direkt vor der Haust\u00fcr. Das [&hellip;]<\/p>\n","protected":false},"author":1,"featured_media":0,"parent":0,"menu_order":0,"comment_status":"closed","ping_status":"closed","template":"","meta":{"jetpack_post_was_ever_published":false},"jetpack_sharing_enabled":true,"jetpack_shortlink":"https:\/\/wp.me\/PaKXj8-4X","_links":{"self":[{"href":"https:\/\/augengebete.de\/index.php?rest_route=\/wp\/v2\/pages\/307"}],"collection":[{"href":"https:\/\/augengebete.de\/index.php?rest_route=\/wp\/v2\/pages"}],"about":[{"href":"https:\/\/augengebete.de\/index.php?rest_route=\/wp\/v2\/types\/page"}],"author":[{"embeddable":true,"href":"https:\/\/augengebete.de\/index.php?rest_route=\/wp\/v2\/users\/1"}],"replies":[{"embeddable":true,"href":"https:\/\/augengebete.de\/index.php?rest_route=%2Fwp%2Fv2%2Fcomments&post=307"}],"version-history":[{"count":25,"href":"https:\/\/augengebete.de\/index.php?rest_route=\/wp\/v2\/pages\/307\/revisions"}],"predecessor-version":[{"id":1132,"href":"https:\/\/augengebete.de\/index.php?rest_route=\/wp\/v2\/pages\/307\/revisions\/1132"}],"wp:attachment":[{"href":"https:\/\/augengebete.de\/index.php?rest_route=%2Fwp%2Fv2%2Fmedia&parent=307"}],"curies":[{"name":"wp","href":"https:\/\/api.w.org\/{rel}","templated":true}]}}