{"id":288,"date":"2019-02-26T14:08:35","date_gmt":"2019-02-26T14:08:35","guid":{"rendered":"http:\/\/augengebete.de\/?page_id=288"},"modified":"2023-02-28T19:44:32","modified_gmt":"2023-02-28T19:44:32","slug":"die-schoenste-kirche-der-welt","status":"publish","type":"page","link":"https:\/\/augengebete.de\/?page_id=288","title":{"rendered":"DAS MOTIV"},"content":{"rendered":"\t\t<div data-elementor-type=\"wp-post\" data-elementor-id=\"288\" class=\"elementor elementor-288\">\n\t\t\t\t\t\t<div class=\"elementor-inner\">\n\t\t\t\t<div class=\"elementor-section-wrap\">\n\t\t\t\t\t\t\t\t\t<section class=\"elementor-section elementor-top-section elementor-element elementor-element-373296c5 elementor-section-boxed elementor-section-height-default elementor-section-height-default\" data-id=\"373296c5\" data-element_type=\"section\">\n\t\t\t\t\t\t<div class=\"elementor-container elementor-column-gap-default\">\n\t\t\t\t\t\t\t<div class=\"elementor-row\">\n\t\t\t\t\t<div class=\"elementor-column elementor-col-100 elementor-top-column elementor-element elementor-element-344425d2\" data-id=\"344425d2\" data-element_type=\"column\">\n\t\t\t<div class=\"elementor-column-wrap elementor-element-populated\">\n\t\t\t\t\t\t\t<div class=\"elementor-widget-wrap\">\n\t\t\t\t\t\t<div class=\"elementor-element elementor-element-6bded7e6 elementor-widget elementor-widget-text-editor\" data-id=\"6bded7e6\" data-element_type=\"widget\" data-widget_type=\"text-editor.default\">\n\t\t\t\t<div class=\"elementor-widget-container\">\n\t\t\t\t\t\t\t\t<div class=\"elementor-text-editor elementor-clearfix\">\n\t\t\t\t<p><!-- wp:paragraph --><\/p>\n<p>\u00a0<\/p>\n<p><!-- \/wp:paragraph --><\/p>\n<p><!-- wp:paragraph --><\/p>\n<p>Als ich mir am 1. Januar 2019 vorgenommen hatte, jeden Tag ein Foto von &#8222;meiner&#8220; Kirche zu machen, h\u00e4tte ich nicht gedacht, was das in mir ausl\u00f6sen w\u00fcrde. Zumal ich mir nicht sicher war, wie lange ich das \u00fcberhaupt durchhalten w\u00fcrde.\u00a0<\/p>\n<p><!-- \/wp:paragraph --><\/p>\n<p><!-- wp:paragraph --><\/p>\n<p>Aber weil ich mich kenne, habe ich mich an einen Satz meines ehemaligen Englischlehrers erinnert: \u201eDer Junge braucht Druck\u201c &#8211; und mir selber welchen gemacht. Ich habe gro\u00dfspurig \u00f6ffentlich auf facebook verk\u00fcndet, jeden Tag ein neues Foto von \u201emeiner\u201c Kirche zu posten. 365 Tage lang. Und so bin ich mit einem Foto vom Glockenturm gestartet, der sich in einer Pf\u00fctze auf der Stra\u00dfe\u00a0spiegelt.<\/p>\n<p><!-- \/wp:paragraph --><\/p>\n<p><!-- wp:paragraph --><\/p>\n<p>Am Ende sind es genau 365 Bilder geworden. Ganz normale Ansichten der Kirche von au\u00dfen und innen, aber auch echte Besonderheiten wie den Blutmond. W\u00e4hrend einer Nacht im Januar konnte ich bei Eisesk\u00e4lte auf dem Friedhof sogar Polarlichter \u00fcber Schwabstedt fotografieren. Eines meiner Lieblingsbilder ist das Schneegest\u00f6ber, das in der Kirchenbeleuchtung wie Feuerwerk aussieht.\u00a0<\/p>\n<p><!-- \/wp:paragraph --><\/p>\n<p><!-- wp:paragraph --><\/p>\n<p>Am Ende habe ich es auch nicht mehr als Druck empfunden, sondern als echtes Geschenk, jeden Tag einmal f\u00fcr eine halbe Stunde um die Kirche zu gehen und nach einem Motiv zu suchen. Nicht weil ich muss, sondern weil ich darf.\u00a0<\/p>\n<p><!-- \/wp:paragraph --><\/p>\n<p><!-- wp:paragraph --><\/p>\n<p>Dabei habe ich einiges f\u00fcr mich gelernt: Obwohl ich insgesamt 20 Jahre in Schwabstedt gewesen bin und gef\u00fchlt viele Tausendmal hingeguckt habe, habe ich jeden Tag eine neue Kleinigkeit (und manchmal sogar eine \u201eGro\u00dfigkeit\u201c wie die Polarlichter) entdeckt, die mir vorher noch nicht aufgefallen war. Einfach, weil ich es mir vorgenommen hatte.\u00a0<\/p>\n<p><!-- \/wp:paragraph --><\/p>\n<p><!-- wp:paragraph --><\/p>\n<p>Inzwischen bin ich nach St. Peter-Ording weitergezogen. Ein neuer Ort mit sogar drei Kirchen und einem wundersch\u00f6nen Strand mit wundersch\u00f6nen neuen Motiven, die ich jeden Tag (neu) entdecke.<\/p>\n<p><!-- \/wp:paragraph --><\/p>\n<p><!-- wp:paragraph {\"fontSize\":\"medium\"} --><\/p>\n<p><!-- \/wp:paragraph --><\/p>\t\t\t\t\t<\/div>\n\t\t\t\t\t\t<\/div>\n\t\t\t\t<\/div>\n\t\t\t\t\t\t<\/div>\n\t\t\t\t\t<\/div>\n\t\t<\/div>\n\t\t\t\t\t\t\t\t<\/div>\n\t\t\t\t\t<\/div>\n\t\t<\/section>\n\t\t\t\t\t\t\t\t\t<\/div>\n\t\t\t<\/div>\n\t\t\t\t\t<\/div>\n\t\t","protected":false},"excerpt":{"rendered":"<p>\u00a0 Als ich mir am 1. Januar 2019 vorgenommen hatte, jeden Tag ein Foto von &#8222;meiner&#8220; Kirche zu machen, h\u00e4tte ich nicht [&hellip;]<\/p>\n","protected":false},"author":1,"featured_media":0,"parent":0,"menu_order":0,"comment_status":"closed","ping_status":"closed","template":"","meta":{"jetpack_post_was_ever_published":false},"jetpack_sharing_enabled":true,"jetpack_shortlink":"https:\/\/wp.me\/PaKXj8-4E","_links":{"self":[{"href":"https:\/\/augengebete.de\/index.php?rest_route=\/wp\/v2\/pages\/288"}],"collection":[{"href":"https:\/\/augengebete.de\/index.php?rest_route=\/wp\/v2\/pages"}],"about":[{"href":"https:\/\/augengebete.de\/index.php?rest_route=\/wp\/v2\/types\/page"}],"author":[{"embeddable":true,"href":"https:\/\/augengebete.de\/index.php?rest_route=\/wp\/v2\/users\/1"}],"replies":[{"embeddable":true,"href":"https:\/\/augengebete.de\/index.php?rest_route=%2Fwp%2Fv2%2Fcomments&post=288"}],"version-history":[{"count":10,"href":"https:\/\/augengebete.de\/index.php?rest_route=\/wp\/v2\/pages\/288\/revisions"}],"predecessor-version":[{"id":1084,"href":"https:\/\/augengebete.de\/index.php?rest_route=\/wp\/v2\/pages\/288\/revisions\/1084"}],"wp:attachment":[{"href":"https:\/\/augengebete.de\/index.php?rest_route=%2Fwp%2Fv2%2Fmedia&parent=288"}],"curies":[{"name":"wp","href":"https:\/\/api.w.org\/{rel}","templated":true}]}}